{"id":1185,"date":"2021-01-18T19:12:18","date_gmt":"2021-01-18T18:12:18","guid":{"rendered":"https:\/\/fr.custplace.com\/business\/?page_id=1185"},"modified":"2025-09-28T17:45:55","modified_gmt":"2025-09-28T15:45:55","slug":"repondre-aux-avis","status":"publish","type":"page","link":"https:\/\/fr.custplace.com\/business\/repondre-aux-avis\/","title":{"rendered":"R\u00e9pondre aux avis"},"content":{"rendered":"","protected":false},"excerpt":{"rendered":"","protected":false},"author":6,"featured_media":1186,"parent":0,"menu_order":0,"comment_status":"closed","ping_status":"closed","template":"","meta":{"_acf_changed":false,"inline_featured_image":false,"footnotes":""},"class_list":["post-1185","page","type-page","status-publish","has-post-thumbnail","hentry"],"acf":[],"yoast_head":"<!-- This site is optimized with the Yoast SEO plugin v27.1.1 - https:\/\/yoast.com\/product\/yoast-seo-wordpress\/ -->\n<title>R\u00e9pondre \u00e0 tous les avis clients de votre marque &#8211; Custplace<\/title>\n<meta name=\"description\" content=\"Il n\u2019a jamais \u00e9t\u00e9 aussi simple de r\u00e9pondre \u00e0 tous les avis clients sur votre marque qu\u2019avec Custplace. Une seule plateforme pour r\u00e9pondre \u00e0 tous les avis\" \/>\n<meta name=\"robots\" content=\"index, follow, max-snippet:-1, max-image-preview:large, max-video-preview:-1\" \/>\n<link rel=\"canonical\" href=\"https:\/\/fr.custplace.com\/business\/repondre-aux-avis\/\" \/>\n<meta property=\"og:locale\" content=\"fr_FR\" \/>\n<meta property=\"og:type\" content=\"article\" \/>\n<meta property=\"og:title\" content=\"R\u00e9pondre \u00e0 tous les avis clients de votre marque &#8211; Custplace\" \/>\n<meta property=\"og:description\" content=\"Il n\u2019a jamais \u00e9t\u00e9 aussi simple de r\u00e9pondre \u00e0 tous les avis clients sur votre marque qu\u2019avec Custplace. Une seule plateforme pour r\u00e9pondre \u00e0 tous les avis\" \/>\n<meta property=\"og:url\" content=\"https:\/\/fr.custplace.com\/business\/repondre-aux-avis\/\" \/>\n<meta property=\"og:site_name\" content=\"Custplace\" \/>\n<meta property=\"article:publisher\" content=\"https:\/\/www.facebook.com\/custplace\" \/>\n<meta property=\"article:modified_time\" content=\"2025-09-28T15:45:55+00:00\" \/>\n<meta property=\"og:image\" content=\"https:\/\/fr.custplace.com\/business\/wp-content\/uploads\/2024\/10\/comp-sosl-1-2.png\" \/>\n\t<meta property=\"og:image:width\" content=\"1070\" \/>\n\t<meta property=\"og:image:height\" content=\"764\" \/>\n\t<meta property=\"og:image:type\" content=\"image\/png\" \/>\n<meta name=\"twitter:card\" content=\"summary_large_image\" \/>\n<meta name=\"twitter:site\" content=\"@custplace\" \/>\n<meta name=\"twitter:label1\" content=\"Dur\u00e9e de lecture estim\u00e9e\" \/>\n\t<meta name=\"twitter:data1\" content=\"1 minute\" \/>\n<script type=\"application\/ld+json\" class=\"yoast-schema-graph\">{\"@context\":\"https:\/\/schema.org\",\"@graph\":[{\"@type\":\"WebPage\",\"@id\":\"https:\/\/fr.custplace.com\/business\/repondre-aux-avis\/\",\"url\":\"https:\/\/fr.custplace.com\/business\/repondre-aux-avis\/\",\"name\":\"R\u00e9pondre \u00e0 tous les avis clients de votre marque &#8211; Custplace\",\"isPartOf\":{\"@id\":\"https:\/\/fr.custplace.com\/business\/#website\"},\"primaryImageOfPage\":{\"@id\":\"https:\/\/fr.custplace.com\/business\/repondre-aux-avis\/#primaryimage\"},\"image\":{\"@id\":\"https:\/\/fr.custplace.com\/business\/repondre-aux-avis\/#primaryimage\"},\"thumbnailUrl\":\"https:\/\/fr.custplace.com\/business\/wp-content\/uploads\/2024\/10\/comp-sosl-1-2.png\",\"datePublished\":\"2021-01-18T18:12:18+00:00\",\"dateModified\":\"2025-09-28T15:45:55+00:00\",\"description\":\"Il n\u2019a jamais \u00e9t\u00e9 aussi simple de r\u00e9pondre \u00e0 tous les avis clients sur votre marque qu\u2019avec Custplace. Une seule plateforme pour r\u00e9pondre \u00e0 tous les avis\",\"breadcrumb\":{\"@id\":\"https:\/\/fr.custplace.com\/business\/repondre-aux-avis\/#breadcrumb\"},\"inLanguage\":\"fr-FR\",\"potentialAction\":[{\"@type\":\"ReadAction\",\"target\":[\"https:\/\/fr.custplace.com\/business\/repondre-aux-avis\/\"]}]},{\"@type\":\"ImageObject\",\"inLanguage\":\"fr-FR\",\"@id\":\"https:\/\/fr.custplace.com\/business\/repondre-aux-avis\/#primaryimage\",\"url\":\"https:\/\/fr.custplace.com\/business\/wp-content\/uploads\/2024\/10\/comp-sosl-1-2.png\",\"contentUrl\":\"https:\/\/fr.custplace.com\/business\/wp-content\/uploads\/2024\/10\/comp-sosl-1-2.png\",\"width\":1070,\"height\":764,\"caption\":\"R\u00e9pondre aux avis\"},{\"@type\":\"BreadcrumbList\",\"@id\":\"https:\/\/fr.custplace.com\/business\/repondre-aux-avis\/#breadcrumb\",\"itemListElement\":[{\"@type\":\"ListItem\",\"position\":1,\"name\":\"Avis clients\",\"item\":\"https:\/\/fr.custplace.com\/\"},{\"@type\":\"ListItem\",\"position\":2,\"name\":\"R\u00e9pondre aux avis\"}]},{\"@type\":\"WebSite\",\"@id\":\"https:\/\/fr.custplace.com\/#website\",\"url\":\"https:\/\/fr.custplace.com\/\",\"name\":\"Custplace\",\"description\":\"Votre plateforme de r\u00e9putation et de marketing local Tout-en-un\",\"publisher\":{\"@id\":\"https:\/\/fr.custplace.com\/#organization\"},\"potentialAction\":[{\"@type\":\"SearchAction\",\"target\":{\"@type\":\"EntryPoint\",\"urlTemplate\":\"https:\/\/fr.custplace.com\/business\/?s={search_term_string}\"},\"query-input\":{\"@type\":\"PropertyValueSpecification\",\"valueRequired\":true,\"valueName\":\"search_term_string\"}}],\"inLanguage\":\"fr-FR\"},{\"@type\":\"Organization\",\"@id\":\"https:\/\/fr.custplace.com\/#organization\",\"name\":\"Custplace\",\"alternateName\":\"Plateforme de r\u00e9putation et de marketing local Tout-en-un\",\"url\":\"https:\/\/fr.custplace.com\/\",\"logo\":{\"@type\":\"ImageObject\",\"inLanguage\":\"fr-FR\",\"@id\":\"https:\/\/fr.custplace.com\/business\/#\/schema\/logo\/image\/\",\"url\":\"https:\/\/fr.custplace.com\/business\/wp-content\/uploads\/2025\/01\/logo-custplace.png\",\"contentUrl\":\"https:\/\/fr.custplace.com\/business\/wp-content\/uploads\/2025\/01\/logo-custplace.png\",\"width\":600,\"height\":600,\"caption\":\"Custplace\"},\"image\":{\"@id\":\"https:\/\/fr.custplace.com\/business\/#\/schema\/logo\/image\/\"},\"sameAs\":[\"https:\/\/www.facebook.com\/custplace\",\"https:\/\/x.com\/custplace\",\"https:\/\/www.linkedin.com\/company\/custplace\",\"https:\/\/www.instagram.com\/custplace\",\"https:\/\/www.youtube.com\/@custplace\/\"],\"location\":{\"@type\":\"Place\",\"name\":\"Custplace\",\"address\":{\"@type\":\"PostalAddress\",\"streetAddress\":\"125 Rue du Th\u00e9\u00e2tre\",\"addressLocality\":\"Paris\",\"addressRegion\":\"\u00cele-de-France\",\"postalCode\":\"75015\",\"addressCountry\":\"FR\"},\"geo\":{\"@type\":\"GeoCoordinates\",\"latitude\":\"48.84576\",\"longitude\":\"2.296451\"}}}]}<\/script>\n<!-- \/ Yoast SEO plugin. -->","yoast_head_json":{"title":"R\u00e9pondre \u00e0 tous les avis clients de votre marque &#8211; Custplace","description":"Il n\u2019a jamais \u00e9t\u00e9 aussi simple de r\u00e9pondre \u00e0 tous les avis clients sur votre marque qu\u2019avec Custplace. Une seule plateforme pour r\u00e9pondre \u00e0 tous les avis","robots":{"index":"index","follow":"follow","max-snippet":"max-snippet:-1","max-image-preview":"max-image-preview:large","max-video-preview":"max-video-preview:-1"},"canonical":"https:\/\/fr.custplace.com\/business\/repondre-aux-avis\/","og_locale":"fr_FR","og_type":"article","og_title":"R\u00e9pondre \u00e0 tous les avis clients de votre marque &#8211; Custplace","og_description":"Il n\u2019a jamais \u00e9t\u00e9 aussi simple de r\u00e9pondre \u00e0 tous les avis clients sur votre marque qu\u2019avec Custplace. Une seule plateforme pour r\u00e9pondre \u00e0 tous les avis","og_url":"https:\/\/fr.custplace.com\/business\/repondre-aux-avis\/","og_site_name":"Custplace","article_publisher":"https:\/\/www.facebook.com\/custplace","article_modified_time":"2025-09-28T15:45:55+00:00","og_image":[{"width":1070,"height":764,"url":"https:\/\/fr.custplace.com\/business\/wp-content\/uploads\/2024\/10\/comp-sosl-1-2.png","type":"image\/png"}],"twitter_card":"summary_large_image","twitter_site":"@custplace","twitter_misc":{"Dur\u00e9e de lecture estim\u00e9e":"1 minute"},"schema":{"@context":"https:\/\/schema.org","@graph":[{"@type":"WebPage","@id":"https:\/\/fr.custplace.com\/business\/repondre-aux-avis\/","url":"https:\/\/fr.custplace.com\/business\/repondre-aux-avis\/","name":"R\u00e9pondre \u00e0 tous les avis clients de votre marque &#8211; Custplace","isPartOf":{"@id":"https:\/\/fr.custplace.com\/business\/#website"},"primaryImageOfPage":{"@id":"https:\/\/fr.custplace.com\/business\/repondre-aux-avis\/#primaryimage"},"image":{"@id":"https:\/\/fr.custplace.com\/business\/repondre-aux-avis\/#primaryimage"},"thumbnailUrl":"https:\/\/fr.custplace.com\/business\/wp-content\/uploads\/2024\/10\/comp-sosl-1-2.png","datePublished":"2021-01-18T18:12:18+00:00","dateModified":"2025-09-28T15:45:55+00:00","description":"Il n\u2019a jamais \u00e9t\u00e9 aussi simple de r\u00e9pondre \u00e0 tous les avis clients sur votre marque qu\u2019avec Custplace. Une seule plateforme pour r\u00e9pondre \u00e0 tous les avis","breadcrumb":{"@id":"https:\/\/fr.custplace.com\/business\/repondre-aux-avis\/#breadcrumb"},"inLanguage":"fr-FR","potentialAction":[{"@type":"ReadAction","target":["https:\/\/fr.custplace.com\/business\/repondre-aux-avis\/"]}]},{"@type":"ImageObject","inLanguage":"fr-FR","@id":"https:\/\/fr.custplace.com\/business\/repondre-aux-avis\/#primaryimage","url":"https:\/\/fr.custplace.com\/business\/wp-content\/uploads\/2024\/10\/comp-sosl-1-2.png","contentUrl":"https:\/\/fr.custplace.com\/business\/wp-content\/uploads\/2024\/10\/comp-sosl-1-2.png","width":1070,"height":764,"caption":"R\u00e9pondre aux avis"},{"@type":"BreadcrumbList","@id":"https:\/\/fr.custplace.com\/business\/repondre-aux-avis\/#breadcrumb","itemListElement":[{"@type":"ListItem","position":1,"name":"Avis clients","item":"https:\/\/fr.custplace.com\/"},{"@type":"ListItem","position":2,"name":"R\u00e9pondre aux avis"}]},{"@type":"WebSite","@id":"https:\/\/fr.custplace.com\/#website","url":"https:\/\/fr.custplace.com\/","name":"Custplace","description":"Votre plateforme de r\u00e9putation et de marketing local Tout-en-un","publisher":{"@id":"https:\/\/fr.custplace.com\/#organization"},"potentialAction":[{"@type":"SearchAction","target":{"@type":"EntryPoint","urlTemplate":"https:\/\/fr.custplace.com\/business\/?s={search_term_string}"},"query-input":{"@type":"PropertyValueSpecification","valueRequired":true,"valueName":"search_term_string"}}],"inLanguage":"fr-FR"},{"@type":"Organization","@id":"https:\/\/fr.custplace.com\/#organization","name":"Custplace","alternateName":"Plateforme de r\u00e9putation et de marketing local Tout-en-un","url":"https:\/\/fr.custplace.com\/","logo":{"@type":"ImageObject","inLanguage":"fr-FR","@id":"https:\/\/fr.custplace.com\/business\/#\/schema\/logo\/image\/","url":"https:\/\/fr.custplace.com\/business\/wp-content\/uploads\/2025\/01\/logo-custplace.png","contentUrl":"https:\/\/fr.custplace.com\/business\/wp-content\/uploads\/2025\/01\/logo-custplace.png","width":600,"height":600,"caption":"Custplace"},"image":{"@id":"https:\/\/fr.custplace.com\/business\/#\/schema\/logo\/image\/"},"sameAs":["https:\/\/www.facebook.com\/custplace","https:\/\/x.com\/custplace","https:\/\/www.linkedin.com\/company\/custplace","https:\/\/www.instagram.com\/custplace","https:\/\/www.youtube.com\/@custplace\/"],"location":{"@type":"Place","name":"Custplace","address":{"@type":"PostalAddress","streetAddress":"125 Rue du Th\u00e9\u00e2tre","addressLocality":"Paris","addressRegion":"\u00cele-de-France","postalCode":"75015","addressCountry":"FR"},"geo":{"@type":"GeoCoordinates","latitude":"48.84576","longitude":"2.296451"}}}]}},"_links":{"self":[{"href":"https:\/\/fr.custplace.com\/business\/wp-json\/wp\/v2\/pages\/1185","targetHints":{"allow":["GET"]}}],"collection":[{"href":"https:\/\/fr.custplace.com\/business\/wp-json\/wp\/v2\/pages"}],"about":[{"href":"https:\/\/fr.custplace.com\/business\/wp-json\/wp\/v2\/types\/page"}],"author":[{"embeddable":true,"href":"https:\/\/fr.custplace.com\/business\/wp-json\/wp\/v2\/users\/6"}],"replies":[{"embeddable":true,"href":"https:\/\/fr.custplace.com\/business\/wp-json\/wp\/v2\/comments?post=1185"}],"version-history":[{"count":10,"href":"https:\/\/fr.custplace.com\/business\/wp-json\/wp\/v2\/pages\/1185\/revisions"}],"predecessor-version":[{"id":2821,"href":"https:\/\/fr.custplace.com\/business\/wp-json\/wp\/v2\/pages\/1185\/revisions\/2821"}],"wp:featuredmedia":[{"embeddable":true,"href":"https:\/\/fr.custplace.com\/business\/wp-json\/wp\/v2\/media\/1186"}],"wp:attachment":[{"href":"https:\/\/fr.custplace.com\/business\/wp-json\/wp\/v2\/media?parent=1185"}],"curies":[{"name":"wp","href":"https:\/\/api.w.org\/{rel}","templated":true}]}}