{"id":1593,"date":"2017-02-27T09:23:16","date_gmt":"2017-02-27T08:23:16","guid":{"rendered":"https:\/\/fr.custplace.com\/business\/?page_id=1593"},"modified":"2026-01-15T17:55:51","modified_gmt":"2026-01-15T16:55:51","slug":"cgu","status":"publish","type":"page","link":"https:\/\/fr.custplace.com\/business\/cgu\/","title":{"rendered":"CGU"},"content":{"rendered":"","protected":false},"excerpt":{"rendered":"","protected":false},"author":6,"featured_media":0,"parent":0,"menu_order":0,"comment_status":"closed","ping_status":"closed","template":"","meta":{"_acf_changed":false,"inline_featured_image":false,"footnotes":""},"class_list":["post-1593","page","type-page","status-publish","hentry"],"acf":[],"yoast_head":"<!-- This site is optimized with the Yoast SEO plugin v27.1.1 - https:\/\/yoast.com\/product\/yoast-seo-wordpress\/ -->\n<title>CGU<\/title>\n<meta name=\"robots\" content=\"index, follow, max-snippet:-1, max-image-preview:large, max-video-preview:-1\" \/>\n<link rel=\"canonical\" href=\"https:\/\/fr.custplace.com\/business\/cgu\/\" \/>\n<meta property=\"og:locale\" content=\"fr_FR\" \/>\n<meta property=\"og:type\" content=\"article\" \/>\n<meta property=\"og:title\" content=\"CGU\" \/>\n<meta property=\"og:url\" content=\"https:\/\/fr.custplace.com\/business\/cgu\/\" \/>\n<meta property=\"og:site_name\" content=\"Custplace\" \/>\n<meta property=\"article:publisher\" content=\"https:\/\/www.facebook.com\/custplace\" \/>\n<meta property=\"article:modified_time\" content=\"2026-01-15T16:55:51+00:00\" \/>\n<meta property=\"og:image\" content=\"https:\/\/fr.custplace.com\/business\/wp-content\/uploads\/2025\/10\/custplace.png\" \/>\n\t<meta property=\"og:image:width\" content=\"1200\" \/>\n\t<meta property=\"og:image:height\" content=\"628\" \/>\n\t<meta property=\"og:image:type\" content=\"image\/png\" \/>\n<meta name=\"twitter:card\" content=\"summary_large_image\" \/>\n<meta name=\"twitter:site\" content=\"@custplace\" \/>\n<script type=\"application\/ld+json\" class=\"yoast-schema-graph\">{\"@context\":\"https:\/\/schema.org\",\"@graph\":[{\"@type\":\"WebPage\",\"@id\":\"https:\/\/fr.custplace.com\/business\/cgu\/\",\"url\":\"https:\/\/fr.custplace.com\/business\/cgu\/\",\"name\":\"CGU\",\"isPartOf\":{\"@id\":\"https:\/\/fr.custplace.com\/business\/#website\"},\"datePublished\":\"2017-02-27T08:23:16+00:00\",\"dateModified\":\"2026-01-15T16:55:51+00:00\",\"breadcrumb\":{\"@id\":\"https:\/\/fr.custplace.com\/business\/cgu\/#breadcrumb\"},\"inLanguage\":\"fr-FR\",\"potentialAction\":[{\"@type\":\"ReadAction\",\"target\":[\"https:\/\/fr.custplace.com\/business\/cgu\/\"]}]},{\"@type\":\"BreadcrumbList\",\"@id\":\"https:\/\/fr.custplace.com\/business\/cgu\/#breadcrumb\",\"itemListElement\":[{\"@type\":\"ListItem\",\"position\":1,\"name\":\"Avis clients\",\"item\":\"https:\/\/fr.custplace.com\/\"},{\"@type\":\"ListItem\",\"position\":2,\"name\":\"CGU\"}]},{\"@type\":\"WebSite\",\"@id\":\"https:\/\/fr.custplace.com\/#website\",\"url\":\"https:\/\/fr.custplace.com\/\",\"name\":\"Custplace\",\"description\":\"Votre plateforme de r\u00e9putation et de marketing local Tout-en-un\",\"publisher\":{\"@id\":\"https:\/\/fr.custplace.com\/#organization\"},\"potentialAction\":[{\"@type\":\"SearchAction\",\"target\":{\"@type\":\"EntryPoint\",\"urlTemplate\":\"https:\/\/fr.custplace.com\/business\/?s={search_term_string}\"},\"query-input\":{\"@type\":\"PropertyValueSpecification\",\"valueRequired\":true,\"valueName\":\"search_term_string\"}}],\"inLanguage\":\"fr-FR\"},{\"@type\":\"Organization\",\"@id\":\"https:\/\/fr.custplace.com\/#organization\",\"name\":\"Custplace\",\"alternateName\":\"Plateforme de r\u00e9putation et de marketing local Tout-en-un\",\"url\":\"https:\/\/fr.custplace.com\/\",\"logo\":{\"@type\":\"ImageObject\",\"inLanguage\":\"fr-FR\",\"@id\":\"https:\/\/fr.custplace.com\/business\/#\/schema\/logo\/image\/\",\"url\":\"https:\/\/fr.custplace.com\/business\/wp-content\/uploads\/2025\/01\/logo-custplace.png\",\"contentUrl\":\"https:\/\/fr.custplace.com\/business\/wp-content\/uploads\/2025\/01\/logo-custplace.png\",\"width\":600,\"height\":600,\"caption\":\"Custplace\"},\"image\":{\"@id\":\"https:\/\/fr.custplace.com\/business\/#\/schema\/logo\/image\/\"},\"sameAs\":[\"https:\/\/www.facebook.com\/custplace\",\"https:\/\/x.com\/custplace\",\"https:\/\/www.linkedin.com\/company\/custplace\",\"https:\/\/www.instagram.com\/custplace\",\"https:\/\/www.youtube.com\/@custplace\/\"],\"location\":{\"@type\":\"Place\",\"name\":\"Custplace\",\"address\":{\"@type\":\"PostalAddress\",\"streetAddress\":\"125 Rue du Th\u00e9\u00e2tre\",\"addressLocality\":\"Paris\",\"addressRegion\":\"\u00cele-de-France\",\"postalCode\":\"75015\",\"addressCountry\":\"FR\"},\"geo\":{\"@type\":\"GeoCoordinates\",\"latitude\":\"48.84576\",\"longitude\":\"2.296451\"}}}]}<\/script>\n<!-- \/ Yoast SEO plugin. -->","yoast_head_json":{"title":"CGU","robots":{"index":"index","follow":"follow","max-snippet":"max-snippet:-1","max-image-preview":"max-image-preview:large","max-video-preview":"max-video-preview:-1"},"canonical":"https:\/\/fr.custplace.com\/business\/cgu\/","og_locale":"fr_FR","og_type":"article","og_title":"CGU","og_url":"https:\/\/fr.custplace.com\/business\/cgu\/","og_site_name":"Custplace","article_publisher":"https:\/\/www.facebook.com\/custplace","article_modified_time":"2026-01-15T16:55:51+00:00","og_image":[{"width":1200,"height":628,"url":"https:\/\/fr.custplace.com\/business\/wp-content\/uploads\/2025\/10\/custplace.png","type":"image\/png"}],"twitter_card":"summary_large_image","twitter_site":"@custplace","schema":{"@context":"https:\/\/schema.org","@graph":[{"@type":"WebPage","@id":"https:\/\/fr.custplace.com\/business\/cgu\/","url":"https:\/\/fr.custplace.com\/business\/cgu\/","name":"CGU","isPartOf":{"@id":"https:\/\/fr.custplace.com\/business\/#website"},"datePublished":"2017-02-27T08:23:16+00:00","dateModified":"2026-01-15T16:55:51+00:00","breadcrumb":{"@id":"https:\/\/fr.custplace.com\/business\/cgu\/#breadcrumb"},"inLanguage":"fr-FR","potentialAction":[{"@type":"ReadAction","target":["https:\/\/fr.custplace.com\/business\/cgu\/"]}]},{"@type":"BreadcrumbList","@id":"https:\/\/fr.custplace.com\/business\/cgu\/#breadcrumb","itemListElement":[{"@type":"ListItem","position":1,"name":"Avis clients","item":"https:\/\/fr.custplace.com\/"},{"@type":"ListItem","position":2,"name":"CGU"}]},{"@type":"WebSite","@id":"https:\/\/fr.custplace.com\/#website","url":"https:\/\/fr.custplace.com\/","name":"Custplace","description":"Votre plateforme de r\u00e9putation et de marketing local Tout-en-un","publisher":{"@id":"https:\/\/fr.custplace.com\/#organization"},"potentialAction":[{"@type":"SearchAction","target":{"@type":"EntryPoint","urlTemplate":"https:\/\/fr.custplace.com\/business\/?s={search_term_string}"},"query-input":{"@type":"PropertyValueSpecification","valueRequired":true,"valueName":"search_term_string"}}],"inLanguage":"fr-FR"},{"@type":"Organization","@id":"https:\/\/fr.custplace.com\/#organization","name":"Custplace","alternateName":"Plateforme de r\u00e9putation et de marketing local Tout-en-un","url":"https:\/\/fr.custplace.com\/","logo":{"@type":"ImageObject","inLanguage":"fr-FR","@id":"https:\/\/fr.custplace.com\/business\/#\/schema\/logo\/image\/","url":"https:\/\/fr.custplace.com\/business\/wp-content\/uploads\/2025\/01\/logo-custplace.png","contentUrl":"https:\/\/fr.custplace.com\/business\/wp-content\/uploads\/2025\/01\/logo-custplace.png","width":600,"height":600,"caption":"Custplace"},"image":{"@id":"https:\/\/fr.custplace.com\/business\/#\/schema\/logo\/image\/"},"sameAs":["https:\/\/www.facebook.com\/custplace","https:\/\/x.com\/custplace","https:\/\/www.linkedin.com\/company\/custplace","https:\/\/www.instagram.com\/custplace","https:\/\/www.youtube.com\/@custplace\/"],"location":{"@type":"Place","name":"Custplace","address":{"@type":"PostalAddress","streetAddress":"125 Rue du Th\u00e9\u00e2tre","addressLocality":"Paris","addressRegion":"\u00cele-de-France","postalCode":"75015","addressCountry":"FR"},"geo":{"@type":"GeoCoordinates","latitude":"48.84576","longitude":"2.296451"}}}]}},"_links":{"self":[{"href":"https:\/\/fr.custplace.com\/business\/wp-json\/wp\/v2\/pages\/1593","targetHints":{"allow":["GET"]}}],"collection":[{"href":"https:\/\/fr.custplace.com\/business\/wp-json\/wp\/v2\/pages"}],"about":[{"href":"https:\/\/fr.custplace.com\/business\/wp-json\/wp\/v2\/types\/page"}],"author":[{"embeddable":true,"href":"https:\/\/fr.custplace.com\/business\/wp-json\/wp\/v2\/users\/6"}],"replies":[{"embeddable":true,"href":"https:\/\/fr.custplace.com\/business\/wp-json\/wp\/v2\/comments?post=1593"}],"version-history":[{"count":9,"href":"https:\/\/fr.custplace.com\/business\/wp-json\/wp\/v2\/pages\/1593\/revisions"}],"predecessor-version":[{"id":25512,"href":"https:\/\/fr.custplace.com\/business\/wp-json\/wp\/v2\/pages\/1593\/revisions\/25512"}],"wp:attachment":[{"href":"https:\/\/fr.custplace.com\/business\/wp-json\/wp\/v2\/media?parent=1593"}],"curies":[{"name":"wp","href":"https:\/\/api.w.org\/{rel}","templated":true}]}}