{"id":6918,"date":"2025-09-19T17:24:32","date_gmt":"2025-09-19T15:24:32","guid":{"rendered":"https:\/\/fr.custplace.com\/business\/?page_id=6918"},"modified":"2025-09-28T17:45:23","modified_gmt":"2025-09-28T15:45:23","slug":"inbox-ia","status":"publish","type":"page","link":"https:\/\/fr.custplace.com\/business\/inbox-ia\/","title":{"rendered":"Inbox IA"},"content":{"rendered":"","protected":false},"excerpt":{"rendered":"","protected":false},"author":6,"featured_media":7140,"parent":0,"menu_order":0,"comment_status":"closed","ping_status":"closed","template":"inbox-ia.php","meta":{"_acf_changed":false,"inline_featured_image":false,"footnotes":""},"class_list":["post-6918","page","type-page","status-publish","has-post-thumbnail","hentry"],"acf":[],"yoast_head":"<!-- This site is optimized with the Yoast SEO plugin v27.1.1 - https:\/\/yoast.com\/product\/yoast-seo-wordpress\/ -->\n<title>Inbox IA , centralisez toutes les sources d\u2019avis, pilot\u00e9e par l\u2019IA<\/title>\n<meta name=\"description\" content=\"D\u00e9couvrez Inbox IA\u00a9, notre outil intelligent qui r\u00e9cup\u00e8re, analyse, mod\u00e8re et r\u00e9pond \u00e0 tous les avis, quelle que soit leur provenance.\" \/>\n<meta name=\"robots\" content=\"noindex, nofollow\" \/>\n<meta property=\"og:locale\" content=\"fr_FR\" \/>\n<meta property=\"og:type\" content=\"article\" \/>\n<meta property=\"og:title\" content=\"Inbox IA , centralisez toutes les sources d\u2019avis, pilot\u00e9e par l\u2019IA\" \/>\n<meta property=\"og:description\" content=\"D\u00e9couvrez Inbox IA\u00a9, notre outil intelligent qui r\u00e9cup\u00e8re, analyse, mod\u00e8re et r\u00e9pond \u00e0 tous les avis, quelle que soit leur provenance.\" \/>\n<meta property=\"og:url\" content=\"https:\/\/fr.custplace.com\/business\/inbox-ia\/\" \/>\n<meta property=\"og:site_name\" content=\"Custplace\" \/>\n<meta property=\"article:publisher\" content=\"https:\/\/www.facebook.com\/custplace\" \/>\n<meta property=\"article:modified_time\" content=\"2025-09-28T15:45:23+00:00\" \/>\n<meta property=\"og:image\" content=\"https:\/\/fr.custplace.com\/business\/wp-content\/uploads\/2025\/09\/inbox-ia.png\" \/>\n\t<meta property=\"og:image:width\" content=\"1876\" \/>\n\t<meta property=\"og:image:height\" content=\"1229\" \/>\n\t<meta property=\"og:image:type\" content=\"image\/png\" \/>\n<meta name=\"twitter:card\" content=\"summary_large_image\" \/>\n<meta name=\"twitter:site\" content=\"@custplace\" \/>\n<meta name=\"twitter:label1\" content=\"Dur\u00e9e de lecture estim\u00e9e\" \/>\n\t<meta name=\"twitter:data1\" content=\"1 minute\" \/>\n<script type=\"application\/ld+json\" class=\"yoast-schema-graph\">{\"@context\":\"https:\/\/schema.org\",\"@graph\":[{\"@type\":\"WebPage\",\"@id\":\"https:\/\/fr.custplace.com\/business\/inbox-ia\/\",\"url\":\"https:\/\/fr.custplace.com\/business\/inbox-ia\/\",\"name\":\"Inbox IA , centralisez toutes les sources d\u2019avis, pilot\u00e9e par l\u2019IA\",\"isPartOf\":{\"@id\":\"https:\/\/fr.custplace.com\/business\/#website\"},\"primaryImageOfPage\":{\"@id\":\"https:\/\/fr.custplace.com\/business\/inbox-ia\/#primaryimage\"},\"image\":{\"@id\":\"https:\/\/fr.custplace.com\/business\/inbox-ia\/#primaryimage\"},\"thumbnailUrl\":\"https:\/\/fr.custplace.com\/business\/wp-content\/uploads\/2025\/09\/inbox-ia.png\",\"datePublished\":\"2025-09-19T15:24:32+00:00\",\"dateModified\":\"2025-09-28T15:45:23+00:00\",\"description\":\"D\u00e9couvrez Inbox IA\u00a9, notre outil intelligent qui r\u00e9cup\u00e8re, analyse, mod\u00e8re et r\u00e9pond \u00e0 tous les avis, quelle que soit leur provenance.\",\"breadcrumb\":{\"@id\":\"https:\/\/fr.custplace.com\/business\/inbox-ia\/#breadcrumb\"},\"inLanguage\":\"fr-FR\",\"potentialAction\":[{\"@type\":\"ReadAction\",\"target\":[\"https:\/\/fr.custplace.com\/business\/inbox-ia\/\"]}]},{\"@type\":\"ImageObject\",\"inLanguage\":\"fr-FR\",\"@id\":\"https:\/\/fr.custplace.com\/business\/inbox-ia\/#primaryimage\",\"url\":\"https:\/\/fr.custplace.com\/business\/wp-content\/uploads\/2025\/09\/inbox-ia.png\",\"contentUrl\":\"https:\/\/fr.custplace.com\/business\/wp-content\/uploads\/2025\/09\/inbox-ia.png\",\"width\":1876,\"height\":1229},{\"@type\":\"BreadcrumbList\",\"@id\":\"https:\/\/fr.custplace.com\/business\/inbox-ia\/#breadcrumb\",\"itemListElement\":[{\"@type\":\"ListItem\",\"position\":1,\"name\":\"Avis clients\",\"item\":\"https:\/\/fr.custplace.com\/\"},{\"@type\":\"ListItem\",\"position\":2,\"name\":\"Inbox IA\"}]},{\"@type\":\"WebSite\",\"@id\":\"https:\/\/fr.custplace.com\/#website\",\"url\":\"https:\/\/fr.custplace.com\/\",\"name\":\"Custplace\",\"description\":\"Votre plateforme de r\u00e9putation et de marketing local Tout-en-un\",\"publisher\":{\"@id\":\"https:\/\/fr.custplace.com\/#organization\"},\"potentialAction\":[{\"@type\":\"SearchAction\",\"target\":{\"@type\":\"EntryPoint\",\"urlTemplate\":\"https:\/\/fr.custplace.com\/business\/?s={search_term_string}\"},\"query-input\":{\"@type\":\"PropertyValueSpecification\",\"valueRequired\":true,\"valueName\":\"search_term_string\"}}],\"inLanguage\":\"fr-FR\"},{\"@type\":\"Organization\",\"@id\":\"https:\/\/fr.custplace.com\/#organization\",\"name\":\"Custplace\",\"alternateName\":\"Plateforme de r\u00e9putation et de marketing local Tout-en-un\",\"url\":\"https:\/\/fr.custplace.com\/\",\"logo\":{\"@type\":\"ImageObject\",\"inLanguage\":\"fr-FR\",\"@id\":\"https:\/\/fr.custplace.com\/business\/#\/schema\/logo\/image\/\",\"url\":\"https:\/\/fr.custplace.com\/business\/wp-content\/uploads\/2025\/01\/logo-custplace.png\",\"contentUrl\":\"https:\/\/fr.custplace.com\/business\/wp-content\/uploads\/2025\/01\/logo-custplace.png\",\"width\":600,\"height\":600,\"caption\":\"Custplace\"},\"image\":{\"@id\":\"https:\/\/fr.custplace.com\/business\/#\/schema\/logo\/image\/\"},\"sameAs\":[\"https:\/\/www.facebook.com\/custplace\",\"https:\/\/x.com\/custplace\",\"https:\/\/www.linkedin.com\/company\/custplace\",\"https:\/\/www.instagram.com\/custplace\",\"https:\/\/www.youtube.com\/@custplace\/\"],\"location\":{\"@type\":\"Place\",\"name\":\"Custplace\",\"address\":{\"@type\":\"PostalAddress\",\"streetAddress\":\"125 Rue du Th\u00e9\u00e2tre\",\"addressLocality\":\"Paris\",\"addressRegion\":\"\u00cele-de-France\",\"postalCode\":\"75015\",\"addressCountry\":\"FR\"},\"geo\":{\"@type\":\"GeoCoordinates\",\"latitude\":\"48.84576\",\"longitude\":\"2.296451\"}}}]}<\/script>\n<!-- \/ Yoast SEO plugin. -->","yoast_head_json":{"title":"Inbox IA , centralisez toutes les sources d\u2019avis, pilot\u00e9e par l\u2019IA","description":"D\u00e9couvrez Inbox IA\u00a9, notre outil intelligent qui r\u00e9cup\u00e8re, analyse, mod\u00e8re et r\u00e9pond \u00e0 tous les avis, quelle que soit leur provenance.","robots":{"index":"noindex","follow":"nofollow"},"og_locale":"fr_FR","og_type":"article","og_title":"Inbox IA , centralisez toutes les sources d\u2019avis, pilot\u00e9e par l\u2019IA","og_description":"D\u00e9couvrez Inbox IA\u00a9, notre outil intelligent qui r\u00e9cup\u00e8re, analyse, mod\u00e8re et r\u00e9pond \u00e0 tous les avis, quelle que soit leur provenance.","og_url":"https:\/\/fr.custplace.com\/business\/inbox-ia\/","og_site_name":"Custplace","article_publisher":"https:\/\/www.facebook.com\/custplace","article_modified_time":"2025-09-28T15:45:23+00:00","og_image":[{"width":1876,"height":1229,"url":"https:\/\/fr.custplace.com\/business\/wp-content\/uploads\/2025\/09\/inbox-ia.png","type":"image\/png"}],"twitter_card":"summary_large_image","twitter_site":"@custplace","twitter_misc":{"Dur\u00e9e de lecture estim\u00e9e":"1 minute"},"schema":{"@context":"https:\/\/schema.org","@graph":[{"@type":"WebPage","@id":"https:\/\/fr.custplace.com\/business\/inbox-ia\/","url":"https:\/\/fr.custplace.com\/business\/inbox-ia\/","name":"Inbox IA , centralisez toutes les sources d\u2019avis, pilot\u00e9e par l\u2019IA","isPartOf":{"@id":"https:\/\/fr.custplace.com\/business\/#website"},"primaryImageOfPage":{"@id":"https:\/\/fr.custplace.com\/business\/inbox-ia\/#primaryimage"},"image":{"@id":"https:\/\/fr.custplace.com\/business\/inbox-ia\/#primaryimage"},"thumbnailUrl":"https:\/\/fr.custplace.com\/business\/wp-content\/uploads\/2025\/09\/inbox-ia.png","datePublished":"2025-09-19T15:24:32+00:00","dateModified":"2025-09-28T15:45:23+00:00","description":"D\u00e9couvrez Inbox IA\u00a9, notre outil intelligent qui r\u00e9cup\u00e8re, analyse, mod\u00e8re et r\u00e9pond \u00e0 tous les avis, quelle que soit leur provenance.","breadcrumb":{"@id":"https:\/\/fr.custplace.com\/business\/inbox-ia\/#breadcrumb"},"inLanguage":"fr-FR","potentialAction":[{"@type":"ReadAction","target":["https:\/\/fr.custplace.com\/business\/inbox-ia\/"]}]},{"@type":"ImageObject","inLanguage":"fr-FR","@id":"https:\/\/fr.custplace.com\/business\/inbox-ia\/#primaryimage","url":"https:\/\/fr.custplace.com\/business\/wp-content\/uploads\/2025\/09\/inbox-ia.png","contentUrl":"https:\/\/fr.custplace.com\/business\/wp-content\/uploads\/2025\/09\/inbox-ia.png","width":1876,"height":1229},{"@type":"BreadcrumbList","@id":"https:\/\/fr.custplace.com\/business\/inbox-ia\/#breadcrumb","itemListElement":[{"@type":"ListItem","position":1,"name":"Avis clients","item":"https:\/\/fr.custplace.com\/"},{"@type":"ListItem","position":2,"name":"Inbox IA"}]},{"@type":"WebSite","@id":"https:\/\/fr.custplace.com\/#website","url":"https:\/\/fr.custplace.com\/","name":"Custplace","description":"Votre plateforme de r\u00e9putation et de marketing local Tout-en-un","publisher":{"@id":"https:\/\/fr.custplace.com\/#organization"},"potentialAction":[{"@type":"SearchAction","target":{"@type":"EntryPoint","urlTemplate":"https:\/\/fr.custplace.com\/business\/?s={search_term_string}"},"query-input":{"@type":"PropertyValueSpecification","valueRequired":true,"valueName":"search_term_string"}}],"inLanguage":"fr-FR"},{"@type":"Organization","@id":"https:\/\/fr.custplace.com\/#organization","name":"Custplace","alternateName":"Plateforme de r\u00e9putation et de marketing local Tout-en-un","url":"https:\/\/fr.custplace.com\/","logo":{"@type":"ImageObject","inLanguage":"fr-FR","@id":"https:\/\/fr.custplace.com\/business\/#\/schema\/logo\/image\/","url":"https:\/\/fr.custplace.com\/business\/wp-content\/uploads\/2025\/01\/logo-custplace.png","contentUrl":"https:\/\/fr.custplace.com\/business\/wp-content\/uploads\/2025\/01\/logo-custplace.png","width":600,"height":600,"caption":"Custplace"},"image":{"@id":"https:\/\/fr.custplace.com\/business\/#\/schema\/logo\/image\/"},"sameAs":["https:\/\/www.facebook.com\/custplace","https:\/\/x.com\/custplace","https:\/\/www.linkedin.com\/company\/custplace","https:\/\/www.instagram.com\/custplace","https:\/\/www.youtube.com\/@custplace\/"],"location":{"@type":"Place","name":"Custplace","address":{"@type":"PostalAddress","streetAddress":"125 Rue du Th\u00e9\u00e2tre","addressLocality":"Paris","addressRegion":"\u00cele-de-France","postalCode":"75015","addressCountry":"FR"},"geo":{"@type":"GeoCoordinates","latitude":"48.84576","longitude":"2.296451"}}}]}},"_links":{"self":[{"href":"https:\/\/fr.custplace.com\/business\/wp-json\/wp\/v2\/pages\/6918","targetHints":{"allow":["GET"]}}],"collection":[{"href":"https:\/\/fr.custplace.com\/business\/wp-json\/wp\/v2\/pages"}],"about":[{"href":"https:\/\/fr.custplace.com\/business\/wp-json\/wp\/v2\/types\/page"}],"author":[{"embeddable":true,"href":"https:\/\/fr.custplace.com\/business\/wp-json\/wp\/v2\/users\/6"}],"replies":[{"embeddable":true,"href":"https:\/\/fr.custplace.com\/business\/wp-json\/wp\/v2\/comments?post=6918"}],"version-history":[{"count":7,"href":"https:\/\/fr.custplace.com\/business\/wp-json\/wp\/v2\/pages\/6918\/revisions"}],"predecessor-version":[{"id":6961,"href":"https:\/\/fr.custplace.com\/business\/wp-json\/wp\/v2\/pages\/6918\/revisions\/6961"}],"wp:featuredmedia":[{"embeddable":true,"href":"https:\/\/fr.custplace.com\/business\/wp-json\/wp\/v2\/media\/7140"}],"wp:attachment":[{"href":"https:\/\/fr.custplace.com\/business\/wp-json\/wp\/v2\/media?parent=6918"}],"curies":[{"name":"wp","href":"https:\/\/api.w.org\/{rel}","templated":true}]}}